{"id":8172,"date":"2024-01-15T11:10:17","date_gmt":"2024-01-15T11:10:17","guid":{"rendered":"https:\/\/f2b35138e6.nxcli.io\/abogados-de-lesiones-infantiles-en-pearland\/"},"modified":"2024-01-15T13:20:50","modified_gmt":"2024-01-15T13:20:50","slug":"abogados-de-lesiones-infantiles-en-pearland","status":"publish","type":"page","link":"https:\/\/thekahnlawfirm.com\/es\/danos-corporales\/abogados-de-lesiones-infantiles-en-pearland\/","title":{"rendered":"Abogados de lesiones infantiles en Pearland"},"content":{"rendered":"<h1>Abogados de lesiones infantiles en Pearland<\/h1>\n<h2>Lucha por obtener justicia y la m\u00e1xima indemnizaci\u00f3n para los ni\u00f1os lesionados<\/h2>\n<div class=\"page_para\">Si su hijo ha sufrido lesiones por negligencia, lo m\u00e1s probable es que est\u00e9 disgustado y no sepa a qui\u00e9n pedir ayuda. Los casos de lesiones infantiles pueden ser especialmente dif\u00edciles de tratar para los padres, sobre todo si el ni\u00f1o ha sufrido lesiones graves o mortales.<\/div>\n<div class=\"page_para\">Independientemente del tipo de lesiones que haya sufrido su hijo, debe contratar a un abogado especializado en lesiones infantiles que eval\u00fae a fondo su caso y determine qu\u00e9 acciones legales pueden emprenderse para exigir responsabilidades a la parte responsable.<\/div>\n<div class=\"page_para\">El bufete de abogados Kahn Law Firm, P.C., de Pearland, TX, cuenta con abogados con experiencia en lesiones infantiles que luchar\u00e1n para ayudar a su familia a obtener la m\u00e1xima compensaci\u00f3n por el da\u00f1o causado a su hijo. P\u00f3ngase en contacto con nuestro bufete y solicite una consulta gratuita para obtener m\u00e1s informaci\u00f3n.<\/div>\n<h2>\u00bfCu\u00e1les son las principales causas de las lesiones infantiles?<\/h2>\n<div class=\"page_para\">Los ni\u00f1os pueden sufrir lesiones de muchas maneras. Sin embargo, son muchos los factores com\u00fanmente citados que suelen llevar a que un ni\u00f1o sufra lesiones por negligencia, entre los que se incluyen:<\/div>\n<ul>\n<li style=\"list-style-type: none;\">\n<li>Juguetes defectuosos<\/li>\n<li>Instalaciones inseguras, como equipamiento defectuoso en parques infantiles o campos de juego<\/li>\n<li>Negligencia, equipamiento defectuoso o malos tratos en escuelas p\u00fablicas o guarder\u00edas.<\/li>\n<li>La falta de supervisi\u00f3n adecuada en las piscinas puede provocar ahogamientos.<\/li>\n<li>Accidentes en parques de atracciones o ferias.<\/li>\n<li>Abusos sexuales<\/li>\n<li>Accidentes de tr\u00e1fico<\/li>\n<li>Accidentes de bicicleta<\/li>\n<li>Negligencia m\u00e9dica<\/li>\n<li>Mordeduras de perro<\/li>\n<\/ul>\n<div class=\"page_para\">\nSi su hijo ha sufrido una lesi\u00f3n grave, su caso requiere una actuaci\u00f3n inmediata. P\u00f3ngase en contacto con el bufete de abogados Kahn Law Firm, P.C., y pida hablar con uno de nuestros abogados expertos en lesiones infantiles para que le explique los recursos legales disponibles.<\/div>\n<h2>\u00bfC\u00f3mo s\u00e9 si puedo reclamar una indemnizaci\u00f3n por las lesiones de mi hijo?<\/h2>\n<div class=\"page_para\">\nSi su hijo ha sufrido da\u00f1os graves por negligencia, como padre tiene derecho a exigir responsabilidades por da\u00f1os y perjuicios a la entidad o persona responsable. Sin embargo, como en cualquier caso de lesiones personales, el demandante debe demostrar que la otra parte incumpli\u00f3 su deber legal de diligencia.<\/div>\n<div class=\"page_para\">\nNo obstante, los padres que se planteen presentar una demanda por lesiones deben tener en cuenta que la lesi\u00f3n debe ser lo bastante grave como para requerir un tratamiento importante.<\/div>\n<p>Entre los criterios jur\u00eddicos necesarios para obtener una compensaci\u00f3n econ\u00f3mica figuran los siguientes:<\/p>\n<ul>\n<li>La parte responsable le deb\u00eda a su hijo un deber de cuidado.<\/li>\n<li>El responsable incumple su deber de diligencia con sus actos negligentes.<\/li>\n<li>La negligencia de la parte responsable fue la causa directa de la lesi\u00f3n de su hijo.<\/li>\n<li>Se han comprobado las lesiones del ni\u00f1o y son las que alega la demanda.<\/li>\n<\/ul>\n<div class=\"page_para\">\nSi su hijo ha sufrido una lesi\u00f3n grave, necesitar\u00e1 un abogado con experiencia en la representaci\u00f3n de ni\u00f1os lesionados. El bufete de abogados Kahn Law Firm, P.C. tiene abogados con experiencia en lesiones que saben lo que se necesita para ganar una indemnizaci\u00f3n en casos de lesiones infantiles.<\/div>\n<h2>\u00bfQu\u00e9 tipo de indemnizaci\u00f3n existe si mi hijo ha sufrido lesiones por negligencia ajena?<\/h2>\n<div class=\"page_para\">\nLa posible indemnizaci\u00f3n que pueda recibir su hijo depender\u00e1 de varios factores. Al igual que en otros casos de lesiones personales, el menor puede obtener una indemnizaci\u00f3n por da\u00f1os y perjuicios econ\u00f3micos y no econ\u00f3micos en funci\u00f3n del tipo y el alcance de las lesiones.<\/div>\n<div class=\"page_para\">\nPor ejemplo, supongamos que el ni\u00f1o sufre lesiones que requieren un tratamiento m\u00e9dico exhaustivo. En ese caso, es posible que pueda recuperar los da\u00f1os econ\u00f3micos para reembolsarle los gastos en los que incurri\u00f3 debido al caso de lesiones de su hijo. Del mismo modo, usted tambi\u00e9n puede ser capaz de recuperar los da\u00f1os no econ\u00f3micos que incluyen dolor, sufrimiento y angustia mental.<\/div>\n<div class=\"page_para\">\nMuchos padres deben saber que la mayor\u00eda de los casos de lesiones infantiles se resuelven extrajudicialmente mediante negociaciones entre la aseguradora y su abogado. Sin embargo, si el proveedor de seguros no est\u00e1 dispuesto a pagar lo que vale la reclamaci\u00f3n, puede ser necesario presentar una demanda por lesiones infantiles.<\/div>\n<div class=\"page_para\">\nNuestro bufete de abogados tiene experiencia representando a clientes en casos de lesiones infantiles. P\u00f3ngase en contacto con nuestro bufete de abogados para obtener m\u00e1s informaci\u00f3n sobre la indemnizaci\u00f3n que puede recibir por las lesiones de su hijo.<\/div>\n<h2>\u00bfQu\u00e9 hace que sus abogados de Texas lesiones del ni\u00f1o la mejor opci\u00f3n para las necesidades legales de nuestra familia?<\/h2>\n<div class=\"page_para\">\nEl bufete de abogados Kahn Law Firm, P.C. de Pearland, TX, est\u00e1 apasionadamente comprometido a ayudar a los ni\u00f1os que han sufrido lesiones debido a la negligencia. Por ello, trabajamos con diligencia para que las personas negligentes respondan de sus actos.<\/div>\n<div class=\"page_para\">\nLa seguridad y el bienestar de su hijo son nuestra principal preocupaci\u00f3n, y abogaremos ferozmente en nombre de su familia para asegurarnos de que reciba justicia y una indemnizaci\u00f3n justa por las lesiones de su hijo.<\/div>\n<div class=\"page_para\">\nP\u00f3ngase en contacto con nuestras oficinas de Pearland, TX al <a href=\"tel:713-999-6549\">713-999-6549<\/a> y pida programar una revisi\u00f3n gratuita de su caso con un abogado experto.<\/div>\n<div class=\"page_para\">\nEl bufete de abogados Kahn Law Firm, P.C. tiene abogados con experiencia en lesiones infantiles que con mucho gusto se sentar\u00e1n con usted para responder a sus preguntas y determinar la estrategia legal adecuada para sus necesidades legales.<\/div>\n","protected":false},"excerpt":{"rendered":"<p>Abogados de lesiones infantiles en Pearland Lucha por obtener justicia y la m\u00e1xima indemnizaci\u00f3n para los ni\u00f1os lesionados Si su [&hellip;]<\/p>\n","protected":false},"author":8,"featured_media":9258,"parent":7516,"menu_order":0,"comment_status":"closed","ping_status":"closed","template":"","meta":{"_uag_custom_page_level_css":"","site-sidebar-layout":"default","site-content-layout":"","ast-site-content-layout":"default","site-content-style":"default","site-sidebar-style":"default","ast-global-header-display":"","ast-banner-title-visibility":"","ast-main-header-display":"","ast-hfb-above-header-display":"","ast-hfb-below-header-display":"","ast-hfb-mobile-header-display":"","site-post-title":"","ast-breadcrumbs-content":"","ast-featured-img":"","footer-sml-layout":"","ast-disable-related-posts":"","theme-transparent-header-meta":"","adv-header-id-meta":"","stick-header-meta":"","header-above-stick-meta":"","header-main-stick-meta":"","header-below-stick-meta":"","astra-migrate-meta-layouts":"default","ast-page-background-enabled":"default","ast-page-background-meta":{"desktop":{"background-color":"var(--ast-global-color-4)","background-image":"","background-repeat":"repeat","background-position":"center center","background-size":"auto","background-attachment":"scroll","background-type":"","background-media":"","overlay-type":"","overlay-color":"","overlay-opacity":"","overlay-gradient":""},"tablet":{"background-color":"","background-image":"","background-repeat":"repeat","background-position":"center center","background-size":"auto","background-attachment":"scroll","background-type":"","background-media":"","overlay-type":"","overlay-color":"","overlay-opacity":"","overlay-gradient":""},"mobile":{"background-color":"","background-image":"","background-repeat":"repeat","background-position":"center center","background-size":"auto","background-attachment":"scroll","background-type":"","background-media":"","overlay-type":"","overlay-color":"","overlay-opacity":"","overlay-gradient":""}},"ast-content-background-meta":{"desktop":{"background-color":"var(--ast-global-color-5)","background-image":"","background-repeat":"repeat","background-position":"center center","background-size":"auto","background-attachment":"scroll","background-type":"","background-media":"","overlay-type":"","overlay-color":"","overlay-opacity":"","overlay-gradient":""},"tablet":{"background-color":"var(--ast-global-color-5)","background-image":"","background-repeat":"repeat","background-position":"center center","background-size":"auto","background-attachment":"scroll","background-type":"","background-media":"","overlay-type":"","overlay-color":"","overlay-opacity":"","overlay-gradient":""},"mobile":{"background-color":"var(--ast-global-color-5)","background-image":"","background-repeat":"repeat","background-position":"center center","background-size":"auto","background-attachment":"scroll","background-type":"","background-media":"","overlay-type":"","overlay-color":"","overlay-opacity":"","overlay-gradient":""}},"footnotes":""},"class_list":["post-8172","page","type-page","status-publish","has-post-thumbnail","hentry"],"yoast_head":"<!-- This site is optimized with the Yoast SEO plugin v27.2 - https:\/\/yoast.com\/product\/yoast-seo-wordpress\/ -->\n<title>Abogados de lesiones infantiles - Pearland, TX<\/title>\n<meta name=\"description\" content=\"\u00bfHa sufrido usted o un ser querido lesiones por un producto defectuoso? P\u00f3ngase en contacto con nuestro bufete y solicite una consulta gratuita.\" \/>\n<meta name=\"robots\" content=\"index, follow, max-snippet:-1, max-image-preview:large, max-video-preview:-1\" \/>\n<link rel=\"canonical\" href=\"https:\/\/thekahnlawfirm.com\/es\/danos-corporales\/abogados-de-lesiones-infantiles-en-pearland\/\" \/>\n<meta property=\"og:locale\" content=\"es_ES\" \/>\n<meta property=\"og:type\" content=\"article\" \/>\n<meta property=\"og:title\" content=\"Abogados de lesiones infantiles - Pearland, TX\" \/>\n<meta property=\"og:description\" content=\"\u00bfHa sufrido usted o un ser querido lesiones por un producto defectuoso? P\u00f3ngase en contacto con nuestro bufete y solicite una consulta gratuita.\" \/>\n<meta property=\"og:url\" content=\"https:\/\/thekahnlawfirm.com\/es\/danos-corporales\/abogados-de-lesiones-infantiles-en-pearland\/\" \/>\n<meta property=\"og:site_name\" content=\"The Kahn Law Firm, P.C.\" \/>\n<meta property=\"article:modified_time\" content=\"2024-01-15T13:20:50+00:00\" \/>\n<meta property=\"og:image\" content=\"https:\/\/thekahnlawfirm.com\/wp-content\/uploads\/2024\/11\/blog_image-fe.webp\" \/>\n\t<meta property=\"og:image:width\" content=\"1834\" \/>\n\t<meta property=\"og:image:height\" content=\"810\" \/>\n\t<meta property=\"og:image:type\" content=\"image\/webp\" \/>\n<meta name=\"twitter:card\" content=\"summary_large_image\" \/>\n<meta name=\"twitter:label1\" content=\"Tiempo de lectura\" \/>\n\t<meta name=\"twitter:data1\" content=\"5 minutos\" \/>\n<!-- \/ Yoast SEO plugin. -->","yoast_head_json":{"title":"Abogados de lesiones infantiles - Pearland, TX","description":"\u00bfHa sufrido usted o un ser querido lesiones por un producto defectuoso? P\u00f3ngase en contacto con nuestro bufete y solicite una consulta gratuita.","robots":{"index":"index","follow":"follow","max-snippet":"max-snippet:-1","max-image-preview":"max-image-preview:large","max-video-preview":"max-video-preview:-1"},"canonical":"https:\/\/thekahnlawfirm.com\/es\/danos-corporales\/abogados-de-lesiones-infantiles-en-pearland\/","og_locale":"es_ES","og_type":"article","og_title":"Abogados de lesiones infantiles - Pearland, TX","og_description":"\u00bfHa sufrido usted o un ser querido lesiones por un producto defectuoso? P\u00f3ngase en contacto con nuestro bufete y solicite una consulta gratuita.","og_url":"https:\/\/thekahnlawfirm.com\/es\/danos-corporales\/abogados-de-lesiones-infantiles-en-pearland\/","og_site_name":"The Kahn Law Firm, P.C.","article_modified_time":"2024-01-15T13:20:50+00:00","og_image":[{"width":1834,"height":810,"url":"https:\/\/thekahnlawfirm.com\/wp-content\/uploads\/2024\/11\/blog_image-fe.webp","type":"image\/webp"}],"twitter_card":"summary_large_image","twitter_misc":{"Tiempo de lectura":"5 minutos"},"schema":{"@context":"https:\/\/schema.org","@graph":[{"@type":"WebPage","@id":"https:\/\/thekahnlawfirm.com\/es\/danos-corporales\/abogados-de-lesiones-infantiles-en-pearland\/","url":"https:\/\/thekahnlawfirm.com\/es\/danos-corporales\/abogados-de-lesiones-infantiles-en-pearland\/","name":"Abogados de lesiones infantiles - Pearland, TX","isPartOf":{"@id":"https:\/\/thekahnlawfirm.com\/es\/#website"},"primaryImageOfPage":{"@id":"https:\/\/thekahnlawfirm.com\/es\/danos-corporales\/abogados-de-lesiones-infantiles-en-pearland\/#primaryimage"},"image":{"@id":"https:\/\/thekahnlawfirm.com\/es\/danos-corporales\/abogados-de-lesiones-infantiles-en-pearland\/#primaryimage"},"thumbnailUrl":"https:\/\/thekahnlawfirm.com\/wp-content\/uploads\/2024\/11\/blog_image-fe.webp","datePublished":"2024-01-15T11:10:17+00:00","dateModified":"2024-01-15T13:20:50+00:00","description":"\u00bfHa sufrido usted o un ser querido lesiones por un producto defectuoso? P\u00f3ngase en contacto con nuestro bufete y solicite una consulta gratuita.","breadcrumb":{"@id":"https:\/\/thekahnlawfirm.com\/es\/danos-corporales\/abogados-de-lesiones-infantiles-en-pearland\/#breadcrumb"},"inLanguage":"es","potentialAction":[{"@type":"ReadAction","target":["https:\/\/thekahnlawfirm.com\/es\/danos-corporales\/abogados-de-lesiones-infantiles-en-pearland\/"]}]},{"@type":"ImageObject","inLanguage":"es","@id":"https:\/\/thekahnlawfirm.com\/es\/danos-corporales\/abogados-de-lesiones-infantiles-en-pearland\/#primaryimage","url":"https:\/\/thekahnlawfirm.com\/wp-content\/uploads\/2024\/11\/blog_image-fe.webp","contentUrl":"https:\/\/thekahnlawfirm.com\/wp-content\/uploads\/2024\/11\/blog_image-fe.webp","width":1834,"height":810,"caption":"blog_image-fe"},{"@type":"BreadcrumbList","@id":"https:\/\/thekahnlawfirm.com\/es\/danos-corporales\/abogados-de-lesiones-infantiles-en-pearland\/#breadcrumb","itemListElement":[{"@type":"ListItem","position":1,"name":"Home","item":"https:\/\/thekahnlawfirm.com\/es\/"},{"@type":"ListItem","position":2,"name":"Lesiones Personales","item":"https:\/\/thekahnlawfirm.com\/es\/personal-injury\/"},{"@type":"ListItem","position":3,"name":"Abogados de lesiones infantiles en Pearland"}]},{"@type":"WebSite","@id":"https:\/\/thekahnlawfirm.com\/es\/#website","url":"https:\/\/thekahnlawfirm.com\/es\/","name":"The Kahn Law Firm, P.C.","description":"","publisher":{"@id":"https:\/\/thekahnlawfirm.com\/es\/#organization"},"potentialAction":[{"@type":"SearchAction","target":{"@type":"EntryPoint","urlTemplate":"https:\/\/thekahnlawfirm.com\/es\/?s={search_term_string}"},"query-input":{"@type":"PropertyValueSpecification","valueRequired":true,"valueName":"search_term_string"}}],"inLanguage":"es"},{"@type":"Organization","@id":"https:\/\/thekahnlawfirm.com\/es\/#organization","name":"The Kahn Law Firm, P.C.","url":"https:\/\/thekahnlawfirm.com\/es\/","logo":{"@type":"ImageObject","inLanguage":"es","@id":"https:\/\/thekahnlawfirm.com\/es\/#\/schema\/logo\/image\/","url":"https:\/\/thekahnlawfirm.com\/wp-content\/uploads\/2025\/02\/cropped-The-Kahn-final-1.png","contentUrl":"https:\/\/thekahnlawfirm.com\/wp-content\/uploads\/2025\/02\/cropped-The-Kahn-final-1.png","width":2560,"height":912,"caption":"The Kahn Law Firm, P.C."},"image":{"@id":"https:\/\/thekahnlawfirm.com\/es\/#\/schema\/logo\/image\/"}}]}},"spectra_custom_meta":{"_top_nav_excluded":[""],"_cms_nav_minihome":[""],"_wp_page_template":["default"],"_last_translation_edit_mode":["translation-editor"],"_yoast_wpseo_title":["Abogados de lesiones infantiles - Pearland, TX"],"_yoast_wpseo_metadesc":["\u00bfHa sufrido usted o un ser querido lesiones por un producto defectuoso? P\u00f3ngase en contacto con nuestro bufete y solicite una consulta gratuita."],"wp_schema_pro_optimized_structured_data":["<!-- Schema optimized by Schema Pro --><script type=\"application\/ld+json\">\r\n{\r\n  \"@context\": \"https:\/\/schema.org\",\r\n  \"@type\": \"LegalService\",\r\n  \"name\": \"The Kahn Law Firm, P.C.\",\r\n  \"description\": \"Do you need a solid legal ally to represent you when dealing with a personal injury or facing criminal charges in Brazoria County? Contact our team today.\",\r\n  \"url\": \"https:\/\/thekahnlawfirm.com\/\",\r\n  \"image\": \"https:\/\/thekahnlawfirm.com\/wp-content\/uploads\/2025\/02\/cropped-The-Kahn-final-1-300x107.png\",\r\n  \"address\": {\r\n    \"@type\": \"PostalAddress\",\r\n    \"streetAddress\": \"2225 County Rd 90 #109,\",\r\n    \"addressLocality\": \"Pearland\",\r\n    \"addressRegion\": \"TX\",\r\n    \"postalCode\": \"77584\",\r\n    \"addressCountry\": \"US\"\r\n  },\r\n  \"telephone\": \"+17139996549\",\r\n  \"openingHours\": \"24\/7\",\r\n  \"areaServed\": \"US\",\r\n  \"sameAs\": [\r\n    \"https:\/\/www.linkedin.com\/company\/the-kahn-law-firm-p-c-\/\",\r\n    \"https:\/\/www.instagram.com\/kahnlawyers\/\"\r\n  ]\r\n}\r\n<\/script><!-- \/ Schema optimized by Schema Pro -->"],"_uag_css_file_name":["uag-css-8172.css"],"_uag_js_file_name":["uag-js-8172.js"],"_thumbnail_id":["9258"]},"uagb_featured_image_src":{"full":["https:\/\/thekahnlawfirm.com\/wp-content\/uploads\/2024\/11\/blog_image-fe.webp",1834,810,false],"thumbnail":["https:\/\/thekahnlawfirm.com\/wp-content\/uploads\/2024\/11\/blog_image-fe-150x150.webp",150,150,true],"medium":["https:\/\/thekahnlawfirm.com\/wp-content\/uploads\/2024\/11\/blog_image-fe-300x132.webp",300,132,true],"medium_large":["https:\/\/thekahnlawfirm.com\/wp-content\/uploads\/2024\/11\/blog_image-fe-768x339.webp",768,339,true],"large":["https:\/\/thekahnlawfirm.com\/wp-content\/uploads\/2024\/11\/blog_image-fe-1024x452.webp",1024,452,true],"1536x1536":["https:\/\/thekahnlawfirm.com\/wp-content\/uploads\/2024\/11\/blog_image-fe-1536x678.webp",1536,678,true],"2048x2048":["https:\/\/thekahnlawfirm.com\/wp-content\/uploads\/2024\/11\/blog_image-fe.webp",1834,810,false]},"uagb_author_info":{"display_name":"The Kahn Law Firm, P.C.","author_link":"https:\/\/thekahnlawfirm.com\/es\/author\/smbteam\/"},"uagb_comment_info":0,"uagb_excerpt":"Abogados de lesiones infantiles en Pearland Lucha por obtener justicia y la m\u00e1xima indemnizaci\u00f3n para los ni\u00f1os lesionados Si su [&hellip;]","_links":{"self":[{"href":"https:\/\/thekahnlawfirm.com\/es\/wp-json\/wp\/v2\/pages\/8172","targetHints":{"allow":["GET"]}}],"collection":[{"href":"https:\/\/thekahnlawfirm.com\/es\/wp-json\/wp\/v2\/pages"}],"about":[{"href":"https:\/\/thekahnlawfirm.com\/es\/wp-json\/wp\/v2\/types\/page"}],"author":[{"embeddable":true,"href":"https:\/\/thekahnlawfirm.com\/es\/wp-json\/wp\/v2\/users\/8"}],"replies":[{"embeddable":true,"href":"https:\/\/thekahnlawfirm.com\/es\/wp-json\/wp\/v2\/comments?post=8172"}],"version-history":[{"count":0,"href":"https:\/\/thekahnlawfirm.com\/es\/wp-json\/wp\/v2\/pages\/8172\/revisions"}],"up":[{"embeddable":true,"href":"https:\/\/thekahnlawfirm.com\/es\/wp-json\/wp\/v2\/pages\/7516"}],"wp:featuredmedia":[{"embeddable":true,"href":"https:\/\/thekahnlawfirm.com\/es\/wp-json\/wp\/v2\/media\/9258"}],"wp:attachment":[{"href":"https:\/\/thekahnlawfirm.com\/es\/wp-json\/wp\/v2\/media?parent=8172"}],"curies":[{"name":"wp","href":"https:\/\/api.w.org\/{rel}","templated":true}]}}